{"id":5100,"date":"2019-01-17T16:22:30","date_gmt":"2019-01-17T16:22:30","guid":{"rendered":"https:\/\/www.giadagenard.com\/?page_id=5100"},"modified":"2021-10-19T08:41:54","modified_gmt":"2021-10-19T08:41:54","slug":"tecniche","status":"publish","type":"page","link":"https:\/\/www.giadagenard.com\/it\/tecniche\/","title":{"rendered":"Tecniche"},"content":{"rendered":"<p>[vc_row row_type=&#8221;row&#8221; type=&#8221;full_width&#8221; text_align=&#8221;center&#8221; video=&#8221;&#8221; css_animation=&#8221;&#8221; css=&#8221;.vc_custom_1557931876195{background-image: url(https:\/\/www.giadagenard.com\/wp-content\/uploads\/2019\/05\/Giada_Genard_tecniche_top_2.jpg?id=5523) !important;background-position: center !important;background-repeat: no-repeat !important;background-size: cover !important;}&#8221;][vc_column][vc_empty_space height=&#8221;192px&#8221;][vc_custom_heading text=&#8221;Ogni GioiaAlchemica \u00e9 UNICA, incisa e pigmentata a mano, scegli la Tua.&#8221; font_container=&#8221;tag:h3|text_align:center|color:%23141414&#8243; use_theme_fonts=&#8221;yes&#8221; css=&#8221;.vc_custom_1557931909272{margin-top: 0px !important;margin-bottom: 0px !important;padding-top: 8px !important;padding-bottom: 8px !important;background-color: rgba(255,255,255,0.4) !important;*background-color: rgb(255,255,255) !important;}&#8221;][vc_empty_space height=&#8221;192px&#8221;][\/vc_column][\/vc_row][vc_row row_type=&#8221;row&#8221; type=&#8221;full_width&#8221; text_align=&#8221;left&#8221; video=&#8221;&#8221; css_animation=&#8221;&#8221;][vc_column][vc_empty_space height=&#8221;96px&#8221;][\/vc_column][\/vc_row][vc_row row_type=&#8221;row&#8221; type=&#8221;grid&#8221; text_align=&#8221;left&#8221; video=&#8221;&#8221; css_animation=&#8221;&#8221;][vc_column][vc_empty_space height=&#8221;64px&#8221;][\/vc_column][\/vc_row][vc_row row_type=&#8221;row&#8221; type=&#8221;grid&#8221; text_align=&#8221;left&#8221; video=&#8221;&#8221; css_animation=&#8221;&#8221;][vc_column][vc_column_text]<\/p>\n<p class=\"p1\"><strong><span class=\"s1\">Materiali GioieAlchemiche:<\/span><\/strong><\/p>\n<p class=\"p1\"><span class=\"s1\">Bronzo, Argento, Oro, Resine sintetiche, Resine naturali, Pigmenti, <strong>Amore<\/strong>.<\/span><\/p>\n<p>&nbsp;<\/p>\n<p class=\"p3\"><em><span class=\"s1\"><small>[Note ai Materiali]<\/small><\/span><\/em><\/p>\n<p>&nbsp;<\/p>\n<p class=\"p1\"><span class=\"s1\"><strong>Bronzo:<\/strong> CuSn10, lega metallica\u00a0di Cu:Rame, e Sn:Stagno. Rispettivamente simboli alchemici di Venere e Giove.\u00a0<\/span><span class=\"s2\">Femminile Maestro.\u00a0<\/span><\/p>\n<p>&nbsp;<\/p>\n<p class=\"p1\"><span class=\"s1\"><strong>Argento:<\/strong> Ag 47, \u00a0simbolo alchemico della Luna<\/span><\/p>\n<p>&nbsp;<\/p>\n<p class=\"p1\"><span class=\"s1\"><strong>Oro:<\/strong> Au79, simbolo alchemico del Sole<\/span><\/p>\n<p>&nbsp;<\/p>\n<p class=\"p1\"><span class=\"s1\"><strong>Resina<\/strong><\/span><\/p>\n<p class=\"p1\"><span class=\"s1\">\u00c9 Luminosa, Evolutiva, Resistente, Trasparente, Versatile, Duratura, Innovativa e Pregiata. L\u2019ingegno: IN-G\u00c8NIUM. Natural potenza di intendere, inventare e operare dello Spirito umano.\u00a0<\/span><\/p>\n<p>&nbsp;<\/p>\n<p class=\"p1\"><span class=\"s1\"><strong>ResinaN:<\/strong> CHO, Principesca Ambra Preziosa. Ovunque Protegge.<\/span><\/p>\n<p>&nbsp;<\/p>\n<p class=\"p1\"><span class=\"s1\"><strong>Terra:<\/strong> il pi\u00f9 sacro e divino tra gli elementi, simbolo alchemico della materia primordiale; Materna, nutriente, fertile e creativa racchiude in s\u00e9 le caratteristiche del grembo: accoglienza, costanza, pazienza e potenza magica. La Grande Madre.<\/span><\/p>\n<p>&nbsp;<\/p>\n<p class=\"p1\"><span class=\"s1\"><strong>Olivo:\u00a0<\/strong><\/span>pianta sacra simbolo della rigenerazione, pace, giustizia e sapienza.<\/p>\n<p>[\/vc_column_text][vc_empty_space height=&#8221;64px&#8221;][vc_single_image image=&#8221;5130&#8243; img_size=&#8221;full&#8221; alignment=&#8221;center&#8221; qode_css_animation=&#8221;&#8221;][vc_empty_space height=&#8221;64px&#8221;][\/vc_column][\/vc_row][vc_row row_type=&#8221;row&#8221; type=&#8221;grid&#8221; text_align=&#8221;left&#8221; video=&#8221;&#8221; css_animation=&#8221;&#8221;][vc_column][vc_column_text]<\/p>\n<p class=\"p1\"><strong><span class=\"s1\">Tecniche:\u00a0<\/span><\/strong><\/p>\n<p>&nbsp;<\/p>\n<p class=\"p3\"><strong><span class=\"s1\">FUSIONE a cera persa:<\/span><\/strong><\/p>\n<p>&nbsp;<\/p>\n<p class=\"p1\"><span class=\"s1\">Il processo della fusione a \u201ccera persa\u201d antica tecnica scoperta e ideata dall\u2019ingegno umano durante l\u2019et\u00e0 del Bronzo.<\/span><\/p>\n<p class=\"p1\"><span class=\"s1\">Prevede la creazione di un primo modello scultoreo in cera dell\u2019oggetto che si vuole realizzare, il modello creato verr\u00e0 poi sacrificato e \u201cperso\u201d in fusione per dare forma allo stampo.<\/span><\/p>\n<p class=\"p1\"><span class=\"s1\">\u00c9 una tecnica affascinante, dispendiosa e complessa che in cambio dona possibilit\u00e0 di cura e dettaglio, utilizzato in gioielleria, questo processo consente di realizzare manufatti particolarmente ricchi di intrecci, forme geometriche di particolare complessit\u00e0. L\u2019utilizzo di questa tecnica \u00e9 fondamentale quando si trattano i metalli, poich\u00e9 la resa qualitativa non presenta difetti o irregolarit\u00e0.<\/span><\/p>\n<p>&nbsp;<\/p>\n<p class=\"p1\"><strong><span class=\"s1\">INCISIONE.<\/span><\/strong><\/p>\n<p>&nbsp;<\/p>\n<p class=\"p1\"><strong><span class=\"s1\">PIGMENTAZIONE.<\/span><\/strong><\/p>\n<p>&nbsp;<\/p>\n<p class=\"p1\"><span class=\"s1\">Ogni Gioia Alchemica \u00e9 UNICA, incisa e pigmentata a mano.<\/span><\/p>\n<p>[\/vc_column_text][vc_empty_space height=&#8221;64px&#8221;][vc_single_image image=&#8221;5526&#8243; img_size=&#8221;full&#8221; alignment=&#8221;center&#8221; qode_css_animation=&#8221;&#8221;][\/vc_column][\/vc_row][vc_row row_type=&#8221;row&#8221; type=&#8221;full_width&#8221; text_align=&#8221;left&#8221; video=&#8221;&#8221; css_animation=&#8221;&#8221;][vc_column][vc_empty_space height=&#8221;96px&#8221;][\/vc_column][\/vc_row]<\/p>\n","protected":false},"excerpt":{"rendered":"<p>[vc_row row_type=&#8221;row&#8221; type=&#8221;full_width&#8221; text_align=&#8221;center&#8221; video=&#8221;&#8221; css_animation=&#8221;&#8221; css=&#8221;.vc_custom_1557931876195{background-image: url(https:\/\/www.giadagenard.com\/wp-content\/uploads\/2019\/05\/Giada_Genard_tecniche_top_2.jpg?id=5523) !important;background-position: center !important;background-repeat: no-repeat !important;background-size: cover !important;}&#8221;][vc_column][vc_empty_space height=&#8221;192px&#8221;][vc_custom_heading text=&#8221;Ogni GioiaAlchemica \u00e9 UNICA, incisa e pigmentata a mano, scegli la Tua.&#8221; font_container=&#8221;tag:h3|text_align:center|color:%23141414&#8243; use_theme_fonts=&#8221;yes&#8221; css=&#8221;.vc_custom_1557931909272{margin-top: 0px !important;margin-bottom: 0px !important;padding-top: 8px !important;padding-bottom: 8px !important;background-color: rgba(255,255,255,0.4) !important;*background-color: rgb(255,255,255) !important;}&#8221;][vc_empty_space height=&#8221;192px&#8221;][\/vc_column][\/vc_row][vc_row row_type=&#8221;row&#8221;&#8230;<\/p>\n","protected":false},"author":2,"featured_media":0,"parent":0,"menu_order":0,"comment_status":"closed","ping_status":"closed","template":"full_width.php","meta":[],"_links":{"self":[{"href":"https:\/\/www.giadagenard.com\/it\/wp-json\/wp\/v2\/pages\/5100"}],"collection":[{"href":"https:\/\/www.giadagenard.com\/it\/wp-json\/wp\/v2\/pages"}],"about":[{"href":"https:\/\/www.giadagenard.com\/it\/wp-json\/wp\/v2\/types\/page"}],"author":[{"embeddable":true,"href":"https:\/\/www.giadagenard.com\/it\/wp-json\/wp\/v2\/users\/2"}],"replies":[{"embeddable":true,"href":"https:\/\/www.giadagenard.com\/it\/wp-json\/wp\/v2\/comments?post=5100"}],"version-history":[{"count":37,"href":"https:\/\/www.giadagenard.com\/it\/wp-json\/wp\/v2\/pages\/5100\/revisions"}],"predecessor-version":[{"id":6940,"href":"https:\/\/www.giadagenard.com\/it\/wp-json\/wp\/v2\/pages\/5100\/revisions\/6940"}],"wp:attachment":[{"href":"https:\/\/www.giadagenard.com\/it\/wp-json\/wp\/v2\/media?parent=5100"}],"curies":[{"name":"wp","href":"https:\/\/api.w.org\/{rel}","templated":true}]}}