{"id":5085,"date":"2019-01-17T16:02:41","date_gmt":"2019-01-17T16:02:41","guid":{"rendered":"https:\/\/www.giadagenard.com\/?page_id=5085"},"modified":"2021-10-19T08:42:39","modified_gmt":"2021-10-19T08:42:39","slug":"bio","status":"publish","type":"page","link":"https:\/\/www.giadagenard.com\/it\/bio\/","title":{"rendered":"Bio"},"content":{"rendered":"<p>[vc_row row_type=&#8221;row&#8221; type=&#8221;full_width&#8221; text_align=&#8221;left&#8221; video=&#8221;&#8221; css_animation=&#8221;&#8221;][vc_column][vc_single_image image=&#8221;5046&#8243; img_size=&#8221;medium&#8221; alignment=&#8221;center&#8221; style=&#8221;vc_box_border_circle_2&#8243; qode_css_animation=&#8221;&#8221;][vc_empty_space][vc_column_text]<\/p>\n<h3 style=\"text-align: center;\">\u7389[Y\u00f9]::Giada Genard<\/h3>\n<p>[\/vc_column_text][vc_empty_space height=&#8221;96px&#8221;][\/vc_column][\/vc_row][vc_row row_type=&#8221;row&#8221; type=&#8221;full_width&#8221; text_align=&#8221;left&#8221; video=&#8221;&#8221; css_animation=&#8221;&#8221;][vc_column width=&#8221;1\/2&#8243;][vc_column_text]<strong>Giada Frangioni Genard biografia breve:<\/strong><\/p>\n<p>&nbsp;<\/p>\n<p class=\"p1\">Giada, Frangioni, Genard, Essere Umano Terrestre, Europea, Italiana, Toscana, Livornese, Femminile Singolare, Donna, Figlia, Madre, Sposa, Sorella, Amica, Giardiniera, Artist Designer, Gioielliera, Fotografa, Pittrice, Scultrice, Alchimista.<\/p>\n<p>[\/vc_column_text][vc_empty_space][vc_column_text]<\/p>\n<p class=\"p1\"><strong><span class=\"s1\">MAESTRI:<\/span><\/strong><\/p>\n<p>&nbsp;<\/p>\n<p class=\"p1\"><span class=\"s1\">LEA Luperini Fantozzi, Dante Alighieri, Georges Ivanovi\u0107 Gurdjieff, GABRIELE Luigi Giorgini Nocchi, Artemisia Gentileschi, Ren\u00e9 Gu\u00e9non Jolly, FRANCO Francesco Battiato, CLAUDIO Benjam\u00edn Naranjo Cohen, DANIEL Odier, SERGIO Mazzei, PAOLO Giovanni Quattrini Camarri, ERIC Baret, GIORGIO Frangioni Vanni, PAOLA Ramagli Frangioni, LORENZO Cosimo Norberto Voliani Frangioni, DIMITRI Espinoza Grechi Firsova, ALBERTO Langone Bonlundy, ALEJANDRO JoDOrowsky Prullansky Trumper, Ch\u00f6gyal Namkhai NORBU, SOGYAL Rimpoce, DALAI LAMA Tenzin Gyatso, JUAN CARLOS Corazza, PATRICK AMOR Franz Alberic Genard Ladry, JOAN Garriga Bacardi, \u00a0Maria GRAZIA Cecchini Martone, NICOLA Perullo Chiti, VERONIQUE Lenoir De la Cochetiere, \u00a0ALEIDA Frangioni Leonardini, UNUS, AYAHUASCA la Dea Verde giada.<\/span><\/p>\n<p>&nbsp;<\/p>\n<p><strong><small>[Note ai Maestri]<\/small><\/strong><\/p>\n<p><small>Nomi in Maiuscolo per i Maestri incontrati in trasmissione diretta.<\/small>[\/vc_column_text][\/vc_column][vc_column width=&#8221;1\/2&#8243;][vc_empty_space][vc_column_text]<strong><img loading=\"lazy\" class=\"alignleft size-thumbnail wp-image-5311\" src=\"https:\/\/www.giadagenard.com\/wp-content\/uploads\/2019\/03\/Gurdjieff_Seekers_of_the_Truth-150x150.jpg\" alt=\"\" width=\"150\" height=\"150\" \/>\u00a0Musica:<\/strong> Seekers of the Truth ( G. I. Gurdjieff, T. de Hartmann) un INVITO al viaggio\u00a0<span class=\"s1\">di ritorno a casa.<\/span>[\/vc_column_text][vc_empty_space][vc_column_text]<strong>Manifesto:<\/strong> testo di Henrytimi<\/p>\n<p>&nbsp;<\/p>\n<p>&nbsp;<\/p>\n<p class=\"p1\"><strong><span class=\"s1\">Produzione e personali RinGRAZIAmenti a:<\/span><\/strong><\/p>\n<p>&nbsp;<\/p>\n<p class=\"p1\"><span class=\"s1\">Maestri TUTTI;<\/span><\/p>\n<p>&nbsp;<\/p>\n<p class=\"p1\"><span class=\"s1\">Michel Marge: artista, Maestro Ceratore colui che opera la scultura in cera a perdere d\u2019ogni mio IDEAle disegno;<\/span><\/p>\n<p>&nbsp;<\/p>\n<p class=\"p1\"><span class=\"s1\">Christian di Els Altres: paziente, WebMaster.<\/span><\/p>\n<p>[\/vc_column_text][\/vc_column][\/vc_row][vc_row row_type=&#8221;row&#8221; type=&#8221;full_width&#8221; text_align=&#8221;left&#8221; video=&#8221;&#8221; css_animation=&#8221;&#8221;][vc_column][vc_empty_space height=&#8221;64px&#8221;][vc_single_image image=&#8221;5036&#8243; img_size=&#8221;full&#8221; alignment=&#8221;center&#8221; onclick=&#8221;img_link_large&#8221; img_link_target=&#8221;_blank&#8221; qode_css_animation=&#8221;&#8221;][vc_column_text]<\/p>\n<p style=\"text-align: right;\"><em>CostellazioneMaestra<\/em><\/p>\n<p>[\/vc_column_text][\/vc_column][\/vc_row][vc_row row_type=&#8221;row&#8221; type=&#8221;full_width&#8221; text_align=&#8221;left&#8221; video=&#8221;&#8221; css_animation=&#8221;&#8221;][vc_column][vc_empty_space height=&#8221;64px&#8221;][vc_column_text]<\/p>\n<p class=\"p1\"><strong><span class=\"s1\">Ringraziamenti speciali e supporto alla realizzazione del Progetto:<\/span><\/strong><\/p>\n<p>&nbsp;<\/p>\n<p class=\"p1\"><span class=\"s1\">Lusiana Zanella Lagomarsino, Paola Crisafi Abbondati, Cecilia Gonnelli De Carlo, Paola Polidori Cosci, Giovanni Marcacci Catanorchi, Marina Pratellesi Bovar, Maria Dora Dessi Rulli, Marilena di Bucchianico Nasuti, Eleonora Picchi Masani, Gaia Scacciavillani Gabri, Anik Billard Dupuy, Andreu P\u00e9rez Mingorance, \u00a0Paolo Rotelli Livi, Cora Steinsleger Miorin, Allegra Aubert Guerrero, Katriona Munthe Rea, Laura Andrei Gnozzi, Marco Voliani Rosellini, Laura Giusti Porciani, Mara Neuman Salvo, Cristina Busi Ceppi, Sonia Zangarini Fenaroli, Antonio Ferrara Bucci, Marco Ferrara Rotondo, Laura Quattrini Camarri, Simone Bianchi Fastelli, Laura Sederini Gani, Giorgia Madia Fuchs, Mar\u00eda Bigeriego Hinojosa, Silvia Gragnoli Farneti, Rosi Canta Piccinetti, Riccardo Zerbetto Loi.<\/span><\/p>\n<p>[\/vc_column_text][vc_empty_space height=&#8221;128px&#8221;][\/vc_column][\/vc_row]<\/p>\n","protected":false},"excerpt":{"rendered":"<p>[vc_row row_type=&#8221;row&#8221; type=&#8221;full_width&#8221; text_align=&#8221;left&#8221; video=&#8221;&#8221; css_animation=&#8221;&#8221;][vc_column][vc_single_image image=&#8221;5046&#8243; img_size=&#8221;medium&#8221; alignment=&#8221;center&#8221; style=&#8221;vc_box_border_circle_2&#8243; qode_css_animation=&#8221;&#8221;][vc_empty_space][vc_column_text] \u7389[Y\u00f9]::Giada Genard [\/vc_column_text][vc_empty_space height=&#8221;96px&#8221;][\/vc_column][\/vc_row][vc_row row_type=&#8221;row&#8221; type=&#8221;full_width&#8221; text_align=&#8221;left&#8221; video=&#8221;&#8221; css_animation=&#8221;&#8221;][vc_column width=&#8221;1\/2&#8243;][vc_column_text]Giada Frangioni Genard biografia breve: &nbsp; Giada, Frangioni, Genard, Essere Umano Terrestre, Europea, Italiana, Toscana, Livornese, Femminile Singolare, Donna, Figlia, Madre, Sposa, Sorella, Amica, Giardiniera,&#8230;<\/p>\n","protected":false},"author":2,"featured_media":0,"parent":0,"menu_order":0,"comment_status":"closed","ping_status":"closed","template":"","meta":[],"_links":{"self":[{"href":"https:\/\/www.giadagenard.com\/it\/wp-json\/wp\/v2\/pages\/5085"}],"collection":[{"href":"https:\/\/www.giadagenard.com\/it\/wp-json\/wp\/v2\/pages"}],"about":[{"href":"https:\/\/www.giadagenard.com\/it\/wp-json\/wp\/v2\/types\/page"}],"author":[{"embeddable":true,"href":"https:\/\/www.giadagenard.com\/it\/wp-json\/wp\/v2\/users\/2"}],"replies":[{"embeddable":true,"href":"https:\/\/www.giadagenard.com\/it\/wp-json\/wp\/v2\/comments?post=5085"}],"version-history":[{"count":17,"href":"https:\/\/www.giadagenard.com\/it\/wp-json\/wp\/v2\/pages\/5085\/revisions"}],"predecessor-version":[{"id":6941,"href":"https:\/\/www.giadagenard.com\/it\/wp-json\/wp\/v2\/pages\/5085\/revisions\/6941"}],"wp:attachment":[{"href":"https:\/\/www.giadagenard.com\/it\/wp-json\/wp\/v2\/media?parent=5085"}],"curies":[{"name":"wp","href":"https:\/\/api.w.org\/{rel}","templated":true}]}}